{"id":7314,"date":"2020-11-11T14:41:53","date_gmt":"2020-11-11T14:41:53","guid":{"rendered":"https:\/\/www.tassopublishing.com\/?post_type=product&#038;p=7314"},"modified":"2024-06-03T07:41:02","modified_gmt":"2024-06-03T07:41:02","slug":"exploring-reincarnation","status":"publish","type":"product","link":"https:\/\/www.tassopublishing.com\/nl\/product\/exploring-reincarnation\/","title":{"rendered":"Re\u00efncarnatie onderzoeken"},"content":{"rendered":"<p>Exploring Reincarnation onderzoekt de volledige reeks verklaringen voor het terugroepen van vorige levens. Deze definitieve studie omvat casu\u00efstiek van over de hele wereld, evenals intrigerende theorie\u00ebn over de relatie tussen lichaam en ziel - van algemene sociale overtuigingen over vorige levens tot gedetailleerde vragen over karma en regressietherapie uit vorige levens. Een uitstekende inleiding tot re\u00efncarnatie vanuit historisch, wetenschappelijk en filosofisch oogpunt. Het verkennen van re\u00efncarnatie is het nu klassieke panorama over re\u00efncarnatie-idee\u00ebn en ervaringen.<\/p>","protected":false},"excerpt":{"rendered":"<h4><a href=\"https:\/\/www.tassopublishing.com\/wp-content\/uploads\/2024\/06\/Exploring-Reincarnation-PREVIEW.epub\"> Download the preview copy <u>here for free <\/u><\/a><\/h4>","protected":false},"featured_media":7878,"comment_status":"open","ping_status":"closed","template":"","meta":[],"product_cat":[51,48],"product_tag":[127,126,125,102,124],"class_list":{"0":"post-7314","1":"product","2":"type-product","3":"status-publish","4":"has-post-thumbnail","6":"product_cat-english","7":"product_cat-hans-tendam","8":"product_tag-exploring-reincarnation","9":"product_tag-hans-tendam","10":"product_tag-previous-lives","11":"product_tag-regression-therapy","12":"product_tag-reincarnation","14":"first","15":"instock","16":"shipping-taxable","17":"purchasable","18":"product-type-variable"},"_links":{"self":[{"href":"https:\/\/www.tassopublishing.com\/nl\/wp-json\/wp\/v2\/product\/7314","targetHints":{"allow":["GET"]}}],"collection":[{"href":"https:\/\/www.tassopublishing.com\/nl\/wp-json\/wp\/v2\/product"}],"about":[{"href":"https:\/\/www.tassopublishing.com\/nl\/wp-json\/wp\/v2\/types\/product"}],"replies":[{"embeddable":true,"href":"https:\/\/www.tassopublishing.com\/nl\/wp-json\/wp\/v2\/comments?post=7314"}],"version-history":[{"count":6,"href":"https:\/\/www.tassopublishing.com\/nl\/wp-json\/wp\/v2\/product\/7314\/revisions"}],"predecessor-version":[{"id":8191,"href":"https:\/\/www.tassopublishing.com\/nl\/wp-json\/wp\/v2\/product\/7314\/revisions\/8191"}],"wp:featuredmedia":[{"embeddable":true,"href":"https:\/\/www.tassopublishing.com\/nl\/wp-json\/wp\/v2\/media\/7878"}],"wp:attachment":[{"href":"https:\/\/www.tassopublishing.com\/nl\/wp-json\/wp\/v2\/media?parent=7314"}],"wp:term":[{"taxonomy":"product_cat","embeddable":true,"href":"https:\/\/www.tassopublishing.com\/nl\/wp-json\/wp\/v2\/product_cat?post=7314"},{"taxonomy":"product_tag","embeddable":true,"href":"https:\/\/www.tassopublishing.com\/nl\/wp-json\/wp\/v2\/product_tag?post=7314"}],"curies":[{"name":"wp","href":"https:\/\/api.w.org\/{rel}","templated":true}]}}